{"id":860,"date":"2018-02-01T01:04:16","date_gmt":"2018-01-31T22:04:16","guid":{"rendered":"http:\/\/gulgunlaw.com\/?page_id=860"},"modified":"2018-02-01T04:43:13","modified_gmt":"2018-02-01T01:43:13","slug":"yabancilar-hukuku","status":"publish","type":"page","link":"http:\/\/gulgunlaw.com\/index.php\/faaliyet-alanlari\/yabancilar-hukuku\/","title":{"rendered":"Yabanc\u0131lar Hukuku"},"content":{"rendered":"<p class=\"p1\"><span class=\"s1\">Yabanc\u0131lar\u0131n T\u00fcrkiye\u2019de oturma ve \u00e7al\u0131\u015fma izinlerinin al\u0131nmas\u0131, T\u00fcrkiye\u2019de ta\u015f\u0131nmaz edinmesi ve \u015firket kurmas\u0131 s\u00fcre\u00e7lerinin takibi, resmi mercilerle ya\u015fad\u0131klar\u0131 sorunlar\u0131n \u00e7\u00f6z\u00fcmlenmesi GHB\u2019nin yan dal olarak sundu\u011fu hizmetlerden biridir.<br \/>\n<\/span><\/p>\n","protected":false},"excerpt":{"rendered":"<p>Yabanc\u0131lar\u0131n T\u00fcrkiye\u2019de oturma ve \u00e7al\u0131\u015fma izinlerinin al\u0131nmas\u0131, T\u00fcrkiye\u2019de ta\u015f\u0131nmaz edinmesi ve \u015firket kurmas\u0131 s\u00fcre\u00e7lerinin takibi, resmi mercilerle ya\u015fad\u0131klar\u0131 sorunlar\u0131n \u00e7\u00f6z\u00fcmlenmesi GHB\u2019nin yan dal olarak sundu\u011fu hizmetlerden biridir.<\/p>\n","protected":false},"author":1,"featured_media":899,"parent":10,"menu_order":0,"comment_status":"open","ping_status":"closed","template":"","meta":[],"_links":{"self":[{"href":"http:\/\/gulgunlaw.com\/index.php\/wp-json\/wp\/v2\/pages\/860"}],"collection":[{"href":"http:\/\/gulgunlaw.com\/index.php\/wp-json\/wp\/v2\/pages"}],"about":[{"href":"http:\/\/gulgunlaw.com\/index.php\/wp-json\/wp\/v2\/types\/page"}],"author":[{"embeddable":true,"href":"http:\/\/gulgunlaw.com\/index.php\/wp-json\/wp\/v2\/users\/1"}],"replies":[{"embeddable":true,"href":"http:\/\/gulgunlaw.com\/index.php\/wp-json\/wp\/v2\/comments?post=860"}],"version-history":[{"count":5,"href":"http:\/\/gulgunlaw.com\/index.php\/wp-json\/wp\/v2\/pages\/860\/revisions"}],"predecessor-version":[{"id":952,"href":"http:\/\/gulgunlaw.com\/index.php\/wp-json\/wp\/v2\/pages\/860\/revisions\/952"}],"up":[{"embeddable":true,"href":"http:\/\/gulgunlaw.com\/index.php\/wp-json\/wp\/v2\/pages\/10"}],"wp:featuredmedia":[{"embeddable":true,"href":"http:\/\/gulgunlaw.com\/index.php\/wp-json\/wp\/v2\/media\/899"}],"wp:attachment":[{"href":"http:\/\/gulgunlaw.com\/index.php\/wp-json\/wp\/v2\/media?parent=860"}],"curies":[{"name":"wp","href":"https:\/\/api.w.org\/{rel}","templated":true}]}}