{"id":858,"date":"2018-02-01T01:03:34","date_gmt":"2018-01-31T22:03:34","guid":{"rendered":"http:\/\/gulgunlaw.com\/?page_id=858"},"modified":"2018-02-01T04:43:48","modified_gmt":"2018-02-01T01:43:48","slug":"icra-hukuku","status":"publish","type":"page","link":"http:\/\/gulgunlaw.com\/index.php\/faaliyet-alanlari\/icra-hukuku\/","title":{"rendered":"\u0130cra Hukuku"},"content":{"rendered":"<p class=\"p1\"><span class=\"s1\">GHB \u0130cra Hukuku alan\u0131nda \u00f6zel departman\u0131yla alacaklar\u0131n ilaml\u0131 ya da ilams\u0131z her t\u00fcrl\u00fc takip ve tahsilat\u0131n\u0131 m\u00fcmk\u00fcn olan en h\u0131zl\u0131 bi\u00e7imde ve en geni\u015f tahsil ara\u00e7lar\u0131n\u0131 kullanarak ger\u00e7ekle\u015ftirmeyi prensip edinmi\u015ftir. <\/span><\/p>\n","protected":false},"excerpt":{"rendered":"<p>GHB \u0130cra Hukuku alan\u0131nda \u00f6zel departman\u0131yla alacaklar\u0131n ilaml\u0131 ya da ilams\u0131z her t\u00fcrl\u00fc takip ve tahsilat\u0131n\u0131 m\u00fcmk\u00fcn olan en h\u0131zl\u0131 bi\u00e7imde ve en geni\u015f tahsil ara\u00e7lar\u0131n\u0131 kullanarak ger\u00e7ekle\u015ftirmeyi prensip edinmi\u015ftir.<\/p>\n","protected":false},"author":1,"featured_media":897,"parent":10,"menu_order":0,"comment_status":"open","ping_status":"closed","template":"","meta":[],"_links":{"self":[{"href":"http:\/\/gulgunlaw.com\/index.php\/wp-json\/wp\/v2\/pages\/858"}],"collection":[{"href":"http:\/\/gulgunlaw.com\/index.php\/wp-json\/wp\/v2\/pages"}],"about":[{"href":"http:\/\/gulgunlaw.com\/index.php\/wp-json\/wp\/v2\/types\/page"}],"author":[{"embeddable":true,"href":"http:\/\/gulgunlaw.com\/index.php\/wp-json\/wp\/v2\/users\/1"}],"replies":[{"embeddable":true,"href":"http:\/\/gulgunlaw.com\/index.php\/wp-json\/wp\/v2\/comments?post=858"}],"version-history":[{"count":2,"href":"http:\/\/gulgunlaw.com\/index.php\/wp-json\/wp\/v2\/pages\/858\/revisions"}],"predecessor-version":[{"id":953,"href":"http:\/\/gulgunlaw.com\/index.php\/wp-json\/wp\/v2\/pages\/858\/revisions\/953"}],"up":[{"embeddable":true,"href":"http:\/\/gulgunlaw.com\/index.php\/wp-json\/wp\/v2\/pages\/10"}],"wp:featuredmedia":[{"embeddable":true,"href":"http:\/\/gulgunlaw.com\/index.php\/wp-json\/wp\/v2\/media\/897"}],"wp:attachment":[{"href":"http:\/\/gulgunlaw.com\/index.php\/wp-json\/wp\/v2\/media?parent=858"}],"curies":[{"name":"wp","href":"https:\/\/api.w.org\/{rel}","templated":true}]}}