{"id":45,"date":"2015-01-27T03:03:23","date_gmt":"2015-01-27T01:03:23","guid":{"rendered":"http:\/\/demo.wpcharming.com\/humanrights\/?page_id=45"},"modified":"2018-02-01T05:36:28","modified_gmt":"2018-02-01T02:36:28","slug":"hakkimizda","status":"publish","type":"page","link":"http:\/\/gulgunlaw.com\/index.php\/hakkimizda\/","title":{"rendered":"Hakk\u0131m\u0131zda"},"content":{"rendered":"<p>[vc_row][vc_column width=&#8221;1\/2&#8243;][vc_single_image image=&#8221;818&#8243; img_size=&#8221;450 x 500&#8243;][\/vc_column][vc_column width=&#8221;1\/2&#8243;][vc_column_text]<\/p>\n<p class=\"p1\"><span class=\"s1\">1992 y\u0131l\u0131ndan beri faaliyetini s\u00fcrd\u00fcren ve 25 y\u0131l\u0131 a\u015fk\u0131n bir tecr\u00fcbeye sahip olan G\u00fclg\u00fcn Hukuk B\u00fcrosu (GHB), \u0130stanbul \u00dcniversitesi Hukuk Fak\u00fcltesi mezunu Av. Orhan G\u00fclg\u00fcn\u2019\u00fcn kuruculu\u011funda sayg\u0131n ve kurumsal bir m\u00fcvekkil portf\u00f6y\u00fcne sahiptir. <\/span><\/p>\n<p class=\"p1\"><span class=\"s1\">Se\u00e7kin \u00e7al\u0131\u015fma ortaklar\u0131 olan Bilkent \u00dcniversitesi Hukuk Fak\u00fcltesi mezunu Av. Mustafa C\u00fcneyd Do\u011fan ve Galatasaray \u00dcniversitesi Hukuk Fak\u00fcltesi mezunu Av. Sait M\u00fcrsel \u00c7e\u015fitcio\u011flu\u2019nun koordinat\u00f6rl\u00fc\u011f\u00fcnde her biri kendi alan\u0131nda yetkin bir avukat ekibi ile \u00e7al\u0131\u015fmalar\u0131n\u0131 y\u00fcr\u00fct\u00fcr. <\/span><\/p>\n<p class=\"p1\"><span class=\"s1\">Dan\u0131\u015fmanl\u0131k ve dava a\u011f\u0131rl\u0131kl\u0131 olarak ulusal ve uluslararas\u0131 d\u00fczeyde hizmet sunar. \u00d6zellikle sa\u011fl\u0131k, in\u015faat, g\u0131da, tekstil, yay\u0131nc\u0131l\u0131k, parf\u00fcmeri, kimyevi hammadde \u00fcretimi ba\u015fta olmak \u00fczere pek \u00e7ok sekt\u00f6rde m\u00fcvekkillerinin hukuki ihtiya\u00e7lar\u0131n\u0131 y\u00fcksek bir \u00f6zenle ve en efektif bi\u00e7imde kar\u015f\u0131lar. <\/span><\/p>\n<p>[\/vc_column_text][vc_media_grid gap=&#8221;35&#8243; grid_id=&#8221;vc_gid:1517456263020-db01503f-5b32-10&#8243; include=&#8221;978,979,980&#8243;][\/vc_column][\/vc_row]<\/p>\n","protected":false},"excerpt":{"rendered":"<p>[vc_row][vc_column width=&#8221;1\/2&#8243;][vc_single_image image=&#8221;818&#8243; img_size=&#8221;450 x 500&#8243;][\/vc_column][vc_column width=&#8221;1\/2&#8243;][vc_column_text] 1992 y\u0131l\u0131ndan beri faaliyetini s\u00fcrd\u00fcren ve 25 y\u0131l\u0131 a\u015fk\u0131n bir tecr\u00fcbeye sahip olan &#8230;<\/p>\n","protected":false},"author":1,"featured_media":0,"parent":0,"menu_order":0,"comment_status":"open","ping_status":"closed","template":"","meta":[],"_links":{"self":[{"href":"http:\/\/gulgunlaw.com\/index.php\/wp-json\/wp\/v2\/pages\/45"}],"collection":[{"href":"http:\/\/gulgunlaw.com\/index.php\/wp-json\/wp\/v2\/pages"}],"about":[{"href":"http:\/\/gulgunlaw.com\/index.php\/wp-json\/wp\/v2\/types\/page"}],"author":[{"embeddable":true,"href":"http:\/\/gulgunlaw.com\/index.php\/wp-json\/wp\/v2\/users\/1"}],"replies":[{"embeddable":true,"href":"http:\/\/gulgunlaw.com\/index.php\/wp-json\/wp\/v2\/comments?post=45"}],"version-history":[{"count":21,"href":"http:\/\/gulgunlaw.com\/index.php\/wp-json\/wp\/v2\/pages\/45\/revisions"}],"predecessor-version":[{"id":985,"href":"http:\/\/gulgunlaw.com\/index.php\/wp-json\/wp\/v2\/pages\/45\/revisions\/985"}],"wp:attachment":[{"href":"http:\/\/gulgunlaw.com\/index.php\/wp-json\/wp\/v2\/media?parent=45"}],"curies":[{"name":"wp","href":"https:\/\/api.w.org\/{rel}","templated":true}]}}