{"id":38,"date":"2015-01-27T02:35:49","date_gmt":"2015-01-27T02:35:49","guid":{"rendered":"http:\/\/demo.wpcharming.com\/humanrights\/?page_id=38"},"modified":"2018-02-01T04:59:37","modified_gmt":"2018-02-01T01:59:37","slug":"ticari-sirketler-hukuku","status":"publish","type":"page","link":"http:\/\/gulgunlaw.com\/index.php\/faaliyet-alanlari\/ticari-sirketler-hukuku\/","title":{"rendered":"Ticaret Hukuku"},"content":{"rendered":"<p>[vc_row][vc_column][vc_column_text]<\/p>\n<p class=\"p1\"><span class=\"s1\">GHB anonim ve limited \u015firketler a\u011f\u0131rl\u0131kl\u0131 olmak \u00fczere y\u00f6netim kurullar\u0131na periyodik yasal dan\u0131\u015fmanl\u0131k yan\u0131nda, \u015firketteki hissedarl\u0131k yap\u0131s\u0131n\u0131n yeniden tanzimi, icra hukuku departman\u0131yla koordineli bi\u00e7imde \u015firketlerin alacaklar\u0131n\u0131n ve bor\u00e7lar\u0131n\u0131n \u00e7\u00f6z\u00fcmlenmesi ile \u015firketlerin resmi mercilerdeki izin ve yetki prosed\u00fcrleri i\u00e7in gerekli ad\u0131mlar\u0131n at\u0131lmas\u0131, idari yarg\u0131 ba\u011flam\u0131ndaki uyu\u015fmazl\u0131klar\u0131n giderilmesi, finansal analizleri m\u00fcteakiben birle\u015fme ve sat\u0131n alma projelerinin (M&amp;A) ger\u00e7ekle\u015ftirilmesi ba\u015fta olmak \u00fczere \u015firketlere sa\u011flam hukuki \u00e7\u00f6z\u00fcmler sunar. Ortakl\u0131klar hukuku, Sermaye Piyasalar\u0131 Hukuku ile haks\u0131z rekabetten kaynaklanan uyu\u015fmazl\u0131klar odak noktalar\u0131m\u0131z aras\u0131nda yer al\u0131r. <\/span><\/p>\n<p>[\/vc_column_text][\/vc_column][\/vc_row]<\/p>\n","protected":false},"excerpt":{"rendered":"<p>GHB anonim ve limited \u015firketler a\u011f\u0131rl\u0131kl\u0131 olmak \u00fczere y\u00f6netim kurullar\u0131na periyodik yasal dan\u0131\u015fmanl\u0131k yan\u0131nda, \u015firketteki hissedarl\u0131k yap\u0131s\u0131n\u0131n yeniden tanzimi, icra hukuku departman\u0131yla koordineli bi\u00e7imde \u015firketlerin alacaklar\u0131n\u0131n ve bor\u00e7lar\u0131n\u0131n \u00e7\u00f6z\u00fcmlenmesi<\/p>\n","protected":false},"author":1,"featured_media":892,"parent":10,"menu_order":0,"comment_status":"open","ping_status":"closed","template":"","meta":[],"_links":{"self":[{"href":"http:\/\/gulgunlaw.com\/index.php\/wp-json\/wp\/v2\/pages\/38"}],"collection":[{"href":"http:\/\/gulgunlaw.com\/index.php\/wp-json\/wp\/v2\/pages"}],"about":[{"href":"http:\/\/gulgunlaw.com\/index.php\/wp-json\/wp\/v2\/types\/page"}],"author":[{"embeddable":true,"href":"http:\/\/gulgunlaw.com\/index.php\/wp-json\/wp\/v2\/users\/1"}],"replies":[{"embeddable":true,"href":"http:\/\/gulgunlaw.com\/index.php\/wp-json\/wp\/v2\/comments?post=38"}],"version-history":[{"count":8,"href":"http:\/\/gulgunlaw.com\/index.php\/wp-json\/wp\/v2\/pages\/38\/revisions"}],"predecessor-version":[{"id":961,"href":"http:\/\/gulgunlaw.com\/index.php\/wp-json\/wp\/v2\/pages\/38\/revisions\/961"}],"up":[{"embeddable":true,"href":"http:\/\/gulgunlaw.com\/index.php\/wp-json\/wp\/v2\/pages\/10"}],"wp:featuredmedia":[{"embeddable":true,"href":"http:\/\/gulgunlaw.com\/index.php\/wp-json\/wp\/v2\/media\/892"}],"wp:attachment":[{"href":"http:\/\/gulgunlaw.com\/index.php\/wp-json\/wp\/v2\/media?parent=38"}],"curies":[{"name":"wp","href":"https:\/\/api.w.org\/{rel}","templated":true}]}}