{"id":117,"date":"2015-01-28T06:35:28","date_gmt":"2015-01-28T06:35:28","guid":{"rendered":"http:\/\/demo.wpcharming.com\/humanrights\/?page_id=117"},"modified":"2018-02-01T05:39:24","modified_gmt":"2018-02-01T02:39:24","slug":"is-hukuku","status":"publish","type":"page","link":"http:\/\/gulgunlaw.com\/index.php\/faaliyet-alanlari\/is-hukuku\/","title":{"rendered":"\u0130\u015f Hukuku"},"content":{"rendered":"<div id=\"tab-1422530729-1-22\" class=\"wpb_tab ui-tabs-panel wpb_ui-tabs-hide vc_clearfix ui-widget-content ui-corner-bottom\">\n<div class=\"wpb_text_column wpb_content_element \">\n<div class=\"wpb_wrapper\">\n<p class=\"p1\"><span class=\"s1\">\u0130\u015f kazalar\u0131 alan\u0131nda bilgi ve tecr\u00fcbe birikimi yo\u011fun olan<b> <\/b>GHB ayn\u0131 zamanda i\u015f g\u00fcvencesi h\u00fck\u00fcmleri, k\u0131dem tazminat\u0131, ihbar tazminat\u0131, fazla mesai ve \u00fccret alacaklar\u0131 ba\u015fta olmak \u00fczere i\u015f\u00e7inin her t\u00fcrl\u00fc alacaklar\u0131n\u0131n i\u015fverenden tahsil edilmesi ile i\u015fe iade davalar\u0131 ve bu ad\u0131mlar\u0131n \u00f6ncesinde dava \u015fart\u0131 olan arabuluculuk s\u00fcre\u00e7lerinde i\u015f\u00e7inin hak ve menfaatlerinin korunmas\u0131 i\u00e7in y\u00fcksek bir \u00f6zenle \u00e7al\u0131\u015fmalar\u0131n\u0131 s\u00fcrd\u00fcr\u00fcr. <\/span><\/p>\n<p class=\"p1\"><span class=\"s1\">\u0130\u015fverenli\u011fin hak ve menfaatlerinin \u0130\u015f Hukuku \u00e7er\u00e7evesinde dava \u00f6ncesi ve s\u00fcrecinde korunmas\u0131 ve yayg\u0131n usul hatalar\u0131n\u0131n engellenerek i\u015fverenlik gereklerinin yerine getirilmesi i\u00e7in titiz bir dan\u0131\u015fmanl\u0131k sunar. Bu a\u00e7\u0131dan GHB \u0130\u015f hukuku bak\u0131m\u0131ndan hem i\u015fveren hem i\u015f\u00e7i taraf\u0131n hak ve menfaatlerinin takip edilmesinde yetkin ve tecr\u00fcbelidir.<\/span><\/p>\n<\/div>\n<\/div>\n<\/div>\n","protected":false},"excerpt":{"rendered":"<p>\u0130\u015f kazalar\u0131 alan\u0131nda bilgi ve tecr\u00fcbe birikimi yo\u011fun olan GHB ayn\u0131 zamanda i\u015f g\u00fcvencesi h\u00fck\u00fcmleri, k\u0131dem tazminat\u0131, ihbar tazminat\u0131, fazla mesai ve \u00fccret alacaklar\u0131 ba\u015fta olmak \u00fczere i\u015f\u00e7inin her t\u00fcrl\u00fc alacaklar\u0131n\u0131n i\u015fverenden tahsil edilmesi<\/p>\n","protected":false},"author":1,"featured_media":895,"parent":10,"menu_order":0,"comment_status":"open","ping_status":"open","template":"","meta":[],"_links":{"self":[{"href":"http:\/\/gulgunlaw.com\/index.php\/wp-json\/wp\/v2\/pages\/117"}],"collection":[{"href":"http:\/\/gulgunlaw.com\/index.php\/wp-json\/wp\/v2\/pages"}],"about":[{"href":"http:\/\/gulgunlaw.com\/index.php\/wp-json\/wp\/v2\/types\/page"}],"author":[{"embeddable":true,"href":"http:\/\/gulgunlaw.com\/index.php\/wp-json\/wp\/v2\/users\/1"}],"replies":[{"embeddable":true,"href":"http:\/\/gulgunlaw.com\/index.php\/wp-json\/wp\/v2\/comments?post=117"}],"version-history":[{"count":2,"href":"http:\/\/gulgunlaw.com\/index.php\/wp-json\/wp\/v2\/pages\/117\/revisions"}],"predecessor-version":[{"id":986,"href":"http:\/\/gulgunlaw.com\/index.php\/wp-json\/wp\/v2\/pages\/117\/revisions\/986"}],"up":[{"embeddable":true,"href":"http:\/\/gulgunlaw.com\/index.php\/wp-json\/wp\/v2\/pages\/10"}],"wp:featuredmedia":[{"embeddable":true,"href":"http:\/\/gulgunlaw.com\/index.php\/wp-json\/wp\/v2\/media\/895"}],"wp:attachment":[{"href":"http:\/\/gulgunlaw.com\/index.php\/wp-json\/wp\/v2\/media?parent=117"}],"curies":[{"name":"wp","href":"https:\/\/api.w.org\/{rel}","templated":true}]}}