{"id":115,"date":"2015-01-28T06:34:51","date_gmt":"2015-01-28T06:34:51","guid":{"rendered":"http:\/\/demo.wpcharming.com\/humanrights\/?page_id=115"},"modified":"2018-02-01T03:18:39","modified_gmt":"2018-02-01T00:18:39","slug":"tazminat-hukuku","status":"publish","type":"page","link":"http:\/\/gulgunlaw.com\/index.php\/faaliyet-alanlari\/tazminat-hukuku\/","title":{"rendered":"Tazminat Hukuku"},"content":{"rendered":"<p class=\"p1\"><span class=\"s1\">GHB, trafik kazalar\u0131na odakl\u0131 olarak sigorta \u015firketlerinden tazminatlar\u0131n tahsil edilmesi, sigorta ihtilaflar\u0131ndan kaynaklanan davalar, trafik kazalar\u0131 ve hasar nedeniyle tazminat istemleri, t\u0131p hukukundan kaynaklanan malpraktis ba\u015fta olmak \u00fczere tazminat talepleri, destekten yoksun kalma tazminat\u0131 ile bak\u0131c\u0131 gideri talebi vb. zarar tazmin taleplerinize ili\u015fkin tazminat davalar\u0131, tahkim prosed\u00fcrleri a\u011f\u0131rl\u0131kl\u0131 olarak faaliyetlerini s\u00fcrd\u00fcr\u00fcr. Ayn\u0131 zamanda maddi ve manevi tazminat talepleri bak\u0131m\u0131ndan ki\u015filik haklar\u0131n\u0131n ihlaline d\u00f6n\u00fck her t\u00fcrl\u00fc zarar\u0131n kar\u015f\u0131lanmas\u0131 i\u00e7in t\u00fcm hukuki ad\u0131mlar\u0131 atar. GHB\u2019nin en \u00f6nemli uzmanl\u0131k alanlar\u0131ndan biri tazminat hukukudur.<\/span><\/p>\n","protected":false},"excerpt":{"rendered":"<p>GHB, trafik kazalar\u0131na odakl\u0131 olarak sigorta \u015firketlerinden tazminatlar\u0131n tahsil edilmesi, sigorta ihtilaflar\u0131ndan kaynaklanan davalar, trafik kazalar\u0131 ve hasar nedeniyle tazminat istemleri, t\u0131p hukukundan kaynaklanan malpraktis ba\u015fta olmak \u00fczere<\/p>\n","protected":false},"author":1,"featured_media":894,"parent":10,"menu_order":0,"comment_status":"open","ping_status":"open","template":"","meta":[],"_links":{"self":[{"href":"http:\/\/gulgunlaw.com\/index.php\/wp-json\/wp\/v2\/pages\/115"}],"collection":[{"href":"http:\/\/gulgunlaw.com\/index.php\/wp-json\/wp\/v2\/pages"}],"about":[{"href":"http:\/\/gulgunlaw.com\/index.php\/wp-json\/wp\/v2\/types\/page"}],"author":[{"embeddable":true,"href":"http:\/\/gulgunlaw.com\/index.php\/wp-json\/wp\/v2\/users\/1"}],"replies":[{"embeddable":true,"href":"http:\/\/gulgunlaw.com\/index.php\/wp-json\/wp\/v2\/comments?post=115"}],"version-history":[{"count":3,"href":"http:\/\/gulgunlaw.com\/index.php\/wp-json\/wp\/v2\/pages\/115\/revisions"}],"predecessor-version":[{"id":940,"href":"http:\/\/gulgunlaw.com\/index.php\/wp-json\/wp\/v2\/pages\/115\/revisions\/940"}],"up":[{"embeddable":true,"href":"http:\/\/gulgunlaw.com\/index.php\/wp-json\/wp\/v2\/pages\/10"}],"wp:featuredmedia":[{"embeddable":true,"href":"http:\/\/gulgunlaw.com\/index.php\/wp-json\/wp\/v2\/media\/894"}],"wp:attachment":[{"href":"http:\/\/gulgunlaw.com\/index.php\/wp-json\/wp\/v2\/media?parent=115"}],"curies":[{"name":"wp","href":"https:\/\/api.w.org\/{rel}","templated":true}]}}