{"id":112,"date":"2015-01-28T06:30:07","date_gmt":"2015-01-28T06:30:07","guid":{"rendered":"http:\/\/demo.wpcharming.com\/humanrights\/?page_id=112"},"modified":"2018-02-01T01:38:56","modified_gmt":"2018-01-31T22:38:56","slug":"fikri-ve-sinai-mulkiyet-hukuku","status":"publish","type":"page","link":"http:\/\/gulgunlaw.com\/index.php\/faaliyet-alanlari\/fikri-ve-sinai-mulkiyet-hukuku\/","title":{"rendered":"Fikri ve S\u0131nai M\u00fclkiyet Hukuku"},"content":{"rendered":"<p class=\"p1\"><span class=\"s1\">GHB \u00f6zellikle yay\u0131nc\u0131l\u0131k ve kimyevi \u00fcr\u00fcnler alan\u0131ndaki dan\u0131\u015fmanl\u0131k tecr\u00fcbesiyle fikir ve sanat eserlerinin korunmas\u0131 ve telif haklar\u0131n\u0131n gerek cezai gerekse hukuki yollarla muhafazas\u0131 i\u00e7in her t\u00fcrl\u00fc ad\u0131m\u0131 atar. Patent, faydal\u0131 model, marka ve tasar\u0131m gibi s\u0131na\u00ee m\u00fclkiyet kategorisinde yer alan haklar bak\u0131m\u0131ndan tescil yan\u0131nda koruman\u0131n da en efektif bi\u00e7imde ger\u00e7ekle\u015fmesi i\u00e7in ulusal ve uluslararas\u0131 \u00e7er\u00e7evede hukuki dan\u0131\u015fmanl\u0131k sunar. Ayn\u0131 zamanda \u00fclke \u00e7ap\u0131nda davalar\u0131n ve sair koruma yollar\u0131n\u0131n takibini ger\u00e7ekle\u015ftirir.<\/span><\/p>\n","protected":false},"excerpt":{"rendered":"<p>GHB \u00f6zellikle yay\u0131nc\u0131l\u0131k ve kimyevi \u00fcr\u00fcnler alan\u0131ndaki dan\u0131\u015fmanl\u0131k tecr\u00fcbesiyle fikir ve sanat eserlerinin korunmas\u0131 ve telif haklar\u0131n\u0131n gerek cezai gerekse hukuki yollarla muhafazas\u0131 i\u00e7in her t\u00fcrl\u00fc ad\u0131m\u0131 atar. <\/p>\n","protected":false},"author":1,"featured_media":893,"parent":10,"menu_order":0,"comment_status":"open","ping_status":"closed","template":"","meta":[],"_links":{"self":[{"href":"http:\/\/gulgunlaw.com\/index.php\/wp-json\/wp\/v2\/pages\/112"}],"collection":[{"href":"http:\/\/gulgunlaw.com\/index.php\/wp-json\/wp\/v2\/pages"}],"about":[{"href":"http:\/\/gulgunlaw.com\/index.php\/wp-json\/wp\/v2\/types\/page"}],"author":[{"embeddable":true,"href":"http:\/\/gulgunlaw.com\/index.php\/wp-json\/wp\/v2\/users\/1"}],"replies":[{"embeddable":true,"href":"http:\/\/gulgunlaw.com\/index.php\/wp-json\/wp\/v2\/comments?post=112"}],"version-history":[{"count":2,"href":"http:\/\/gulgunlaw.com\/index.php\/wp-json\/wp\/v2\/pages\/112\/revisions"}],"predecessor-version":[{"id":852,"href":"http:\/\/gulgunlaw.com\/index.php\/wp-json\/wp\/v2\/pages\/112\/revisions\/852"}],"up":[{"embeddable":true,"href":"http:\/\/gulgunlaw.com\/index.php\/wp-json\/wp\/v2\/pages\/10"}],"wp:featuredmedia":[{"embeddable":true,"href":"http:\/\/gulgunlaw.com\/index.php\/wp-json\/wp\/v2\/media\/893"}],"wp:attachment":[{"href":"http:\/\/gulgunlaw.com\/index.php\/wp-json\/wp\/v2\/media?parent=112"}],"curies":[{"name":"wp","href":"https:\/\/api.w.org\/{rel}","templated":true}]}}